{"id":661,"date":"2025-07-23T10:01:53","date_gmt":"2025-07-23T10:01:53","guid":{"rendered":"https:\/\/mesbonica.com\/politica-de-privacidad-redes-sociales\/"},"modified":"2025-07-25T08:51:45","modified_gmt":"2025-07-25T08:51:45","slug":"politica-de-privacidad-redes-sociales","status":"publish","type":"page","link":"https:\/\/mesbonica.com\/es\/politica-de-privacidad-redes-sociales\/","title":{"rendered":"Pol\u00edtica de redes sociales"},"content":{"rendered":"<p>[et_pb_section fb_built=\u00bb1&#8243; _builder_version=\u00bb4.27.4&#8243; _module_preset=\u00bbdefault\u00bb custom_padding=\u00bb15px|||||\u00bb global_colors_info=\u00bb{}\u00bb][et_pb_row _builder_version=\u00bb4.27.4&#8243; _module_preset=\u00bbdefault\u00bb global_colors_info=\u00bb{}\u00bb][et_pb_column type=\u00bb4_4&#8243; _builder_version=\u00bb4.27.4&#8243; _module_preset=\u00bbdefault\u00bb global_colors_info=\u00bb{}\u00bb][et_pb_text _builder_version=\u00bb4.27.4&#8243; _module_preset=\u00bbdefault\u00bb global_colors_info=\u00bb{}\u00bb]<\/p>\n<h1><span>Pol\u00edtica de redes sociales<\/span><\/h1>\n<p style=\"font-weight: 400;\">\n<p>[\/et_pb_text][et_pb_text _builder_version=\u00bb4.27.4&#8243; _module_preset=\u00bbdefault\u00bb global_colors_info=\u00bb{}\u00bb]<\/p>\n<p><strong>1. INFORMACI\u00d3N A LA PERSONA USUARIA<\/strong><br \/>Quien es el responsable del tratamiento de sus datos personales?<br \/>CENTRE DE BELLESA M\u00c9S BONICA ser\u00e1 el responsable del tratamiento de los datos personales de aquellas PERSONAS que han procedido a crear un perfil en cualquier de sus redes sociales. Las mismas ser\u00e1n tratadas de conformidad con lo dispuesto en el Reglamento (UE) 2016\/679, de 27 de abril (GDPR), la Ley Org\u00e1nica 3\/2018, de 5 de diciembre(LOPDGDD), y la Ley de Servicios de la Sociedad de la Informaci\u00f3n y E-commerce (LSSI), facilitando la siguiente informaci\u00f3n del tratamiento: <\/p>\n<p><strong>Para que tratamos sus datos personales?<\/strong><br \/>Finalidad del tratamiento: para mantener una relaci\u00f3n entre la PERSONA USUARIA y CENTRO DE BELLEZA M\u00c1S BONITA (de ahora en adelante el RESPONSABLE) que puede incluir las siguientes operaciones:<br \/>\u2022 Tramitar solicitudes y consultas planteadas al responsable<br \/>\u2022 Informar sobre actividades y acontecimientos organizados por el responsable<br \/>\u2022 Informar sobre productos o servicios ofrecidos por el responsable<br \/>\u2022 Interactuar a trav\u00e9s de los perfiles oficiales<\/p>\n<p>Cuando el RESPONSABLE recopile y trate datos personales a trav\u00e9s de sus redes sociales, las PERSONAS USUARIAS ser\u00e1n informadas sobre la finalidad de la recopilaci\u00f3n de datos, as\u00ed como sobre sus derechos en relaci\u00f3n a sus datos personales. Los datos personales se utilizar\u00e1n \u00fanicamente para los hasta indicados y se mantendr\u00e1n de manera segura.<br \/>Base Jur\u00eddica del Tratamiento: el consentimiento expl\u00edcito otorgado por la PERSONA USUARIA para el tratamiento de sus datos personales para uno o varios fines espec\u00edficos (art\u00edculo 6.1.a GDPR).<br \/>Por otro lado, la PERSONA USUARIA puede acceder en todo momento a las pol\u00edticas de privacidad de la propia red social, as\u00ed como configurar su perfil para garantizar su privacidad. <\/p>\n<p><strong>Durante cu\u00e1nto tiempo guardaremos sus datos personales?<\/strong><br \/>Criterios de conservaci\u00f3n de los datos: se conservar\u00e1n mientras la PERSONA USUARIA no revoque el consentimiento prestado tal como se indica en esta pol\u00edtica de privacidad.<\/p>\n<p><strong>A quien facilitamos sus datos personales?<\/strong><br \/>Comunicaci\u00f3n de los datos: la informaci\u00f3n facilitada por la PERSONA USUARIA a trav\u00e9s de las redes sociales del RESPONSABLE, incluidos sus datos personales, puede ser publicada, siempre en funci\u00f3n de los servicios que la PERSONA USUARIA utilice. Por lo cual, podr\u00e1 quedar a disposici\u00f3n p\u00fablica de otros terceros usuarios de las redes sociales. Desde el perfil de cada red social, la PERSONA USUARIA puede configurar qu\u00e9 informaci\u00f3n quiere hacer p\u00fablica en cada caso, ver los permisos que se han concedido, eliminarlos o desactivarlos, como cualquier aplicaci\u00f3n de un tercero que ya no se desea utilizar.  <br \/>Sin embargo, no est\u00e1 prevista ninguna comunicaci\u00f3n de datos personales a terceros fuera de la red social, excepto, si fuera imprescindible para el desarrollo y ejecuci\u00f3n de las finalidades del tratamiento, a nuestros proveedores de servicios relacionados con comunicaciones, con los cuales el RESPONSABLE tiene subscritos los contratos de confidencialidad y de encargado de tratamiento exigidos por la normativa vigente de privacidad.<\/p>\n<p><strong>Cu\u00e1les son sus derechos?<\/strong><br \/>Derechos que asisten a la PERSONA USUARIA: solo podr\u00e1n satisfacerse en relaci\u00f3n a aquella informaci\u00f3n que se encuentre bajo el control del RESPONSABLE.<br \/>Derecho a retirar el consentimiento en cualquier momento.<br \/>Derecho de acceso, rectificaci\u00f3n, portabilidad y supresi\u00f3n de sus datos, y de limitaci\u00f3n u oposici\u00f3n a su tratamiento.<br \/>Derecho a presentar una reclamaci\u00f3n ante la autoridad de control (www.aepd.es) si considera que el tratamiento no se ajusta a la normativa vigente.<br \/>Datos de contacto para ejercer sus derechos:<br \/>CENTRO DE BELLEZA M\u00c1S BONITA\u2013 C\/ Sant Pere, 58 \u2013 43004 (Tarragona). E-mail: bellesa@mesbonica.com<br \/>La pol\u00edtica de privacidad completa se encuentra disponible en mesbonica.com <\/p>\n<p><strong>2. UTILIZACI\u00d3N DEL PERFIL<\/strong><br \/>El RESPONSABLE realizar\u00e1 las siguientes actuaciones: <br \/>\u2022 Acceso a la informaci\u00f3n p\u00fablica del perfil.<br \/>\u2022 Publicaci\u00f3n en el perfil de la PERSONA USUARIA de toda aquella informaci\u00f3n ya publicada en la red social<br \/>\u2022 del RESPONSABLE.<br \/>\u2022 Enviar mensajes personales e individuales a trav\u00e9s de los canales de la red social.<br \/>\u2022 Actualizaciones del estado de la p\u00e1gina que se publicar\u00e1n en el perfil de la PERSONA USUARIA.<br \/>La PERSONA USUARIA siempre puede controlar sus conexiones, eliminar los contenidos que dejen de interesarle y restringir con qui\u00e9n comparte sus conexiones; para lo cual tendr\u00e1 que acceder a su configuraci\u00f3n donde encontrar\u00e1 diferentes posibilidades de configuraci\u00f3n en relaci\u00f3n en el grado de privacidad del perfil de usuario en la red social.<\/p>\n<p><strong>3. PUBLICACIONES<\/strong><br \/>El objeto de las redes sociales, es dar visibilidad y difusi\u00f3n a las actividades que desarrolla el RESPONSABLE. Estas herramientas almacenan datos personales en los servidores de los servicios respectivos y se rigen por su propia pol\u00edtica de privacidad.<br \/>La PERSONA USUARIA, una vez sea seguidora o se haya unido en la red social del RESPONSABLE, podr\u00e1 publicar en esta, comentarios, enlaces, im\u00e1genes, fotograf\u00edas o cualquier otro tipo de contenido multimedia soportado por esta. La PERSONA USUARIA en todos los casos, tiene que ser la titular del contenido publicado, disfrutar de los derechos de autor y de propiedad intelectual o contar con el consentimiento de los terceros afectados.<br \/>Se proh\u00edbe expresamente cualquier publicaci\u00f3n en la red social, ya sean textos, gr\u00e1ficos, fotograf\u00edas, videos, etc. que atenten o sean susceptibles de atentar contra la moral, la \u00e9tica, el buen gusto o el decoro, y\/o que infrinjan, violen o infrinjan los derechos de propiedad intelectual o industrial, el derecho a la imagen o la Ley. No se tolerar\u00e1n comentarios o contenido ofensivo, difamatorio, ilegal o inapropiado en los perfiles de la empresa. La Empresa se reserva el derecho de eliminar estos comentarios o contenido y bloquear a los usuarios responsables.    <br \/>En estos casos, el RESPONSABLE se reserva el derecho a retirar inmediatamente el contenido, sin comunicaci\u00f3n previa, pudiendo solicitar el bloqueo permanente de la PERSONA USUARIA.<br \/>El RESPONSABLE no se har\u00e1 responsable de los contenidos que libremente ha publicado la PERSONA USUARIA.<br \/>La PERSONA USU\u00c0RIA ha de tenir present que les seves publicacions seran conegudes per altres usuaris, per la qual cosa ell mateix \u00e9s el principal responsable de la seva privacitat.<br \/>Las im\u00e1genes que puedan publicarse en la red social no ser\u00e1n almacenadas en ning\u00fan fichero por parte del RESPONSABLE, pero si que permanecer\u00e1n en la red social.<\/p>\n<p><strong>4. DATOS DE MENORES De EDAD O PERSONAS CON CAPACIDADES ESPECIALES<\/strong><br \/>Se recomienda la revisi\u00f3n y la lectura de las condiciones de uso y pol\u00edtica de privacidad de cada red social en el momento de registro, teniendo en cuenta los diferentes requisitos de edad para la realizaci\u00f3n de este.<br \/>As\u00ed mismo, el RESPONSABLE quedar\u00e1 expresamente exonerado de cualquier responsabilidad que pudiera derivar- se del uso de las redes sociales por parte de menores o personas con capacidades especiales y el acceso de las cuales tendr\u00eda que realizarse bajo la supervisi\u00f3n y control de sus representantes legales.<br \/>El RESPONSABLE se reserva el derecho de modificar esta pol\u00edtica en cualquier momento. Los cambios ser\u00e1n comunicados a trav\u00e9s de nuestros perfiles de redes sociales y\/o nuestro sitio web. <\/p>\n<p>[\/et_pb_text][\/et_pb_column][\/et_pb_row][\/et_pb_section]<\/p>\n","protected":false},"excerpt":{"rendered":"<p>Pol\u00edtica de redes sociales 1. INFORMACI\u00d3N A LA PERSONA USUARIAQuien es el responsable del tratamiento de sus datos personales?CENTRE DE BELLESA M\u00c9S BONICA ser\u00e1 el responsable del tratamiento de los datos personales de aquellas PERSONAS que han procedido a crear un perfil en cualquier de sus redes sociales. Las mismas ser\u00e1n tratadas de conformidad con [&hellip;]<\/p>\n","protected":false},"author":2,"featured_media":0,"parent":0,"menu_order":0,"comment_status":"closed","ping_status":"closed","template":"","meta":{"_et_pb_use_builder":"on","_et_pb_old_content":"","_et_gb_content_width":"","footnotes":""},"class_list":["post-661","page","type-page","status-publish","hentry"],"yoast_head":"<!-- This site is optimized with the Yoast SEO plugin v27.2 - https:\/\/yoast.com\/product\/yoast-seo-wordpress\/ -->\n<title>Pol\u00edtica de redes sociales - +bonica<\/title>\n<meta name=\"robots\" content=\"index, follow, max-snippet:-1, max-image-preview:large, max-video-preview:-1\" \/>\n<link rel=\"canonical\" href=\"https:\/\/mesbonica.com\/politica-de-privacitat-xarxes-socials\/\" \/>\n<meta property=\"og:locale\" content=\"es_ES\" \/>\n<meta property=\"og:type\" content=\"article\" \/>\n<meta property=\"og:title\" content=\"Pol\u00edtica de redes sociales - +bonica\" \/>\n<meta property=\"og:description\" content=\"Pol\u00edtica de redes sociales 1. INFORMACI\u00d3N A LA PERSONA USUARIAQuien es el responsable del tratamiento de sus datos personales?CENTRE DE BELLESA M\u00c9S BONICA ser\u00e1 el responsable del tratamiento de los datos personales de aquellas PERSONAS que han procedido a crear un perfil en cualquier de sus redes sociales. Las mismas ser\u00e1n tratadas de conformidad con [&hellip;]\" \/>\n<meta property=\"og:url\" content=\"https:\/\/mesbonica.com\/politica-de-privacitat-xarxes-socials\/\" \/>\n<meta property=\"og:site_name\" content=\"+bonica\" \/>\n<meta property=\"article:modified_time\" content=\"2025-07-25T08:51:45+00:00\" \/>\n<meta name=\"twitter:card\" content=\"summary_large_image\" \/>\n<meta name=\"twitter:label1\" content=\"Tiempo de lectura\" \/>\n\t<meta name=\"twitter:data1\" content=\"6 minutos\" \/>\n<script type=\"application\/ld+json\" class=\"yoast-schema-graph\">{\"@context\":\"https:\/\/schema.org\",\"@graph\":[{\"@type\":\"WebPage\",\"@id\":\"https:\/\/mesbonica.com\/politica-de-privacitat-xarxes-socials\/\",\"url\":\"https:\/\/mesbonica.com\/politica-de-privacitat-xarxes-socials\/\",\"name\":\"Pol\u00edtica de redes sociales - +bonica\",\"isPartOf\":{\"@id\":\"https:\/\/mesbonica.com\/#website\"},\"datePublished\":\"2025-07-23T10:01:53+00:00\",\"dateModified\":\"2025-07-25T08:51:45+00:00\",\"breadcrumb\":{\"@id\":\"https:\/\/mesbonica.com\/politica-de-privacitat-xarxes-socials\/#breadcrumb\"},\"inLanguage\":\"es\",\"potentialAction\":[{\"@type\":\"ReadAction\",\"target\":[\"https:\/\/mesbonica.com\/politica-de-privacitat-xarxes-socials\/\"]}]},{\"@type\":\"BreadcrumbList\",\"@id\":\"https:\/\/mesbonica.com\/politica-de-privacitat-xarxes-socials\/#breadcrumb\",\"itemListElement\":[{\"@type\":\"ListItem\",\"position\":1,\"name\":\"Inici\",\"item\":\"https:\/\/mesbonica.com\/es\/\"},{\"@type\":\"ListItem\",\"position\":2,\"name\":\"Pol\u00edtica de redes sociales\"}]},{\"@type\":\"WebSite\",\"@id\":\"https:\/\/mesbonica.com\/#website\",\"url\":\"https:\/\/mesbonica.com\/\",\"name\":\"+bonica\",\"description\":\"Centre de bellesa i benestar\",\"potentialAction\":[{\"@type\":\"SearchAction\",\"target\":{\"@type\":\"EntryPoint\",\"urlTemplate\":\"https:\/\/mesbonica.com\/?s={search_term_string}\"},\"query-input\":{\"@type\":\"PropertyValueSpecification\",\"valueRequired\":true,\"valueName\":\"search_term_string\"}}],\"inLanguage\":\"es\"}]}<\/script>\n<!-- \/ Yoast SEO plugin. -->","yoast_head_json":{"title":"Pol\u00edtica de redes sociales - +bonica","robots":{"index":"index","follow":"follow","max-snippet":"max-snippet:-1","max-image-preview":"max-image-preview:large","max-video-preview":"max-video-preview:-1"},"canonical":"https:\/\/mesbonica.com\/politica-de-privacitat-xarxes-socials\/","og_locale":"es_ES","og_type":"article","og_title":"Pol\u00edtica de redes sociales - +bonica","og_description":"Pol\u00edtica de redes sociales 1. INFORMACI\u00d3N A LA PERSONA USUARIAQuien es el responsable del tratamiento de sus datos personales?CENTRE DE BELLESA M\u00c9S BONICA ser\u00e1 el responsable del tratamiento de los datos personales de aquellas PERSONAS que han procedido a crear un perfil en cualquier de sus redes sociales. Las mismas ser\u00e1n tratadas de conformidad con [&hellip;]","og_url":"https:\/\/mesbonica.com\/politica-de-privacitat-xarxes-socials\/","og_site_name":"+bonica","article_modified_time":"2025-07-25T08:51:45+00:00","twitter_card":"summary_large_image","twitter_misc":{"Tiempo de lectura":"6 minutos"},"schema":{"@context":"https:\/\/schema.org","@graph":[{"@type":"WebPage","@id":"https:\/\/mesbonica.com\/politica-de-privacitat-xarxes-socials\/","url":"https:\/\/mesbonica.com\/politica-de-privacitat-xarxes-socials\/","name":"Pol\u00edtica de redes sociales - +bonica","isPartOf":{"@id":"https:\/\/mesbonica.com\/#website"},"datePublished":"2025-07-23T10:01:53+00:00","dateModified":"2025-07-25T08:51:45+00:00","breadcrumb":{"@id":"https:\/\/mesbonica.com\/politica-de-privacitat-xarxes-socials\/#breadcrumb"},"inLanguage":"es","potentialAction":[{"@type":"ReadAction","target":["https:\/\/mesbonica.com\/politica-de-privacitat-xarxes-socials\/"]}]},{"@type":"BreadcrumbList","@id":"https:\/\/mesbonica.com\/politica-de-privacitat-xarxes-socials\/#breadcrumb","itemListElement":[{"@type":"ListItem","position":1,"name":"Inici","item":"https:\/\/mesbonica.com\/es\/"},{"@type":"ListItem","position":2,"name":"Pol\u00edtica de redes sociales"}]},{"@type":"WebSite","@id":"https:\/\/mesbonica.com\/#website","url":"https:\/\/mesbonica.com\/","name":"+bonica","description":"Centre de bellesa i benestar","potentialAction":[{"@type":"SearchAction","target":{"@type":"EntryPoint","urlTemplate":"https:\/\/mesbonica.com\/?s={search_term_string}"},"query-input":{"@type":"PropertyValueSpecification","valueRequired":true,"valueName":"search_term_string"}}],"inLanguage":"es"}]}},"_links":{"self":[{"href":"https:\/\/mesbonica.com\/es\/wp-json\/wp\/v2\/pages\/661","targetHints":{"allow":["GET"]}}],"collection":[{"href":"https:\/\/mesbonica.com\/es\/wp-json\/wp\/v2\/pages"}],"about":[{"href":"https:\/\/mesbonica.com\/es\/wp-json\/wp\/v2\/types\/page"}],"author":[{"embeddable":true,"href":"https:\/\/mesbonica.com\/es\/wp-json\/wp\/v2\/users\/2"}],"replies":[{"embeddable":true,"href":"https:\/\/mesbonica.com\/es\/wp-json\/wp\/v2\/comments?post=661"}],"version-history":[{"count":8,"href":"https:\/\/mesbonica.com\/es\/wp-json\/wp\/v2\/pages\/661\/revisions"}],"predecessor-version":[{"id":767,"href":"https:\/\/mesbonica.com\/es\/wp-json\/wp\/v2\/pages\/661\/revisions\/767"}],"wp:attachment":[{"href":"https:\/\/mesbonica.com\/es\/wp-json\/wp\/v2\/media?parent=661"}],"curies":[{"name":"wp","href":"https:\/\/api.w.org\/{rel}","templated":true}]}}