{"id":603,"date":"2025-02-14T18:31:14","date_gmt":"2025-02-14T18:31:14","guid":{"rendered":"https:\/\/mesbonica.com\/politica-de-privacidad\/"},"modified":"2025-07-23T17:19:56","modified_gmt":"2025-07-23T17:19:56","slug":"politica-de-privacidad","status":"publish","type":"page","link":"https:\/\/mesbonica.com\/es\/politica-de-privacidad\/","title":{"rendered":"Pol\u00edtica de privacidad"},"content":{"rendered":"<p>[et_pb_section fb_built=\u00bb1&#8243; _builder_version=\u00bb4.16&#8243; global_colors_info=\u00bb{}\u00bb][et_pb_row _builder_version=\u00bb4.16&#8243; background_size=\u00bbinitial\u00bb background_position=\u00bbtop_left\u00bb background_repeat=\u00bbrepeat\u00bb global_colors_info=\u00bb{}\u00bb][et_pb_column type=\u00bb4_4&#8243; _builder_version=\u00bb4.16&#8243; custom_padding=\u00bb|||\u00bb global_colors_info=\u00bb{}\u00bb custom_padding__hover=\u00bb|||\u00bb][et_pb_text _builder_version=\u00bb4.27.4&#8243; background_size=\u00bbinitial\u00bb background_position=\u00bbtop_left\u00bb background_repeat=\u00bbrepeat\u00bb global_colors_info=\u00bb{}\u00bb]<!-- divi:heading --><\/p>\n<h1 style=\"font-weight: 400;\"><strong><span>Pol\u00edtica de privacidad web\u00a0<\/span><\/strong><\/h1>\n<p style=\"font-weight: 400;\"><strong><span><\/span><\/strong><\/p>\n<p style=\"font-weight: 400;\"><strong><span><\/span><\/strong><\/p>\n<p style=\"font-weight: 400;\"><strong><span>Responsable del Tratamiento<\/span><\/strong><\/p>\n<p style=\"font-weight: 400;\"><span>La empresa responsable del tratamiento de sus datos en virtud de esta Pol\u00edtica de privacidad es: Centro de belleza+bonica <\/span><\/p>\n<p style=\"font-weight: 400;\"><span>Domicilio: C\/ Sant Pere 58<\/span><\/p>\n<p style=\"font-weight: 400;\"><span>Direcci\u00f3n de correo electr\u00f3nico: <a href=\"mailto:bellesa@mesbonica.com\">bellesa@mesbonica.com<\/a><\/span><\/p>\n<p style=\"font-weight: 400;\"><span>Web: mesbonica.com Tel\u00e9fono: +34 630170518<\/span><\/p>\n<p style=\"font-weight: 400;\"><span>En Centre de belleza +bonica, reconocemos la importancia de proteger su informaci\u00f3n personal y estamos comprometidos a tratarla con responsabilidad y de conformidad con las leyes de protecci\u00f3n de datos.<\/span><\/p>\n<p style=\"font-weight: 400;\"><span>La presente pol\u00edtica de privacidad pretende regular todos los aspectos relativos al tratamiento de datos de los diferentes usuarios que navegan o facilitan las suyas a trav\u00e9s de los diferentes formularios situados en la web.<\/span><\/p>\n<p style=\"font-weight: 400;\"><span> <\/span><\/p>\n<p style=\"font-weight: 400;\"><strong><span>Datos Personales<\/span><\/strong><\/p>\n<p style=\"font-weight: 400;\"><span>Un dato personal es la informaci\u00f3n que le identifica o lo hace identificable. A trav\u00e9s de la web, en las casillas establecidas a tal efecto recogemos os datos personales que elusuario nos comunica: nombre, apellidos, correo electr\u00f3nico, tel\u00e9fono, direcci\u00f3n postal, poblaci\u00f3n, etc., as\u00ed como todos aquellos datos que voluntariamente nos proporcione a trav\u00e9s de cualquiera de les redes sociales de las cuales el usuario est\u00e1 registrado. En este caso, la privacidad depender\u00e1 de la configuraci\u00f3n establecida por el mismo usuario as\u00ed como de los t\u00e9rminos y condiciones de la propia red social. <\/span><\/p>\n<p style=\"font-weight: 400;\"><span>La visita del usuario a la web no implica que tenga que facilitar ninguna informaci\u00f3n sobre sus datos personales. No obstante, en caso de facilitarlos, los datos ser\u00e1n tratads de forma l\u00edcita de conformidad en todo momento a los principios y derechos recogidos en el RGPD 2016\/679 de 26 de abril y la LOPDGDD 3\/2018 del 5 de desembre. <\/span><\/p>\n<p style=\"font-weight: 400;\"><span> <\/span><\/p>\n<p style=\"font-weight: 400;\"><strong><span>Finalidad, duraci\u00f3n y legitimaci\u00f3n del tratamiento<\/span><\/strong><\/p>\n<p style=\"font-weight: 400;\"><span>Los datos que el usuario nos proporcione los trataremos con las siguientes finalidades:<\/span><\/p>\n<ul style=\"font-weight: 400;\">\n<li><span>Mejorar su experiencia en navegar por la web. Estos datos los conservaremos mientras el usuario no revoque su consentimiento en el tratamiento de estas eliminando las cookies y durante el tiempo establecido por la ley con una duraci\u00f3n m\u00ednima de 3 a\u00f1os. <\/span><\/li>\n<\/ul>\n<p style=\"font-weight: 400;\"><span>La base de legitimaci\u00f3n para mejorar su experiencia en navegar por la web es el consentimiento que otorga al usuario en aceptar las cookies. El usuario o tiene derecho a revocar su consentimiento en cualquier momento sin que eso afecte la licitud del tratamiento basado en el consentimiento previo a la su retiro. <\/span><\/p>\n<p style=\"font-weight: 400;\"><span> <\/span><\/p>\n<p style=\"font-weight: 400;\"><strong><span>Cesi\u00f3n o comunicaci\u00f3n de datos personales y transferencias internacionales<\/span><\/strong><\/p>\n<p style=\"font-weight: 400;\"><span>Sus datos no se comunicar\u00e1n ni ser\u00e1n cedidos a terceros, a menos que exista alguna obligaci\u00f3n legal a aquellos prestadores vinculados al Responsable que act\u00faen como encargados del tratamiento.<\/span><\/p>\n<p style=\"font-weight: 400;\"><span>Nuestros servidores est\u00e1n situados en la Uni\u00f3n Europea, y con car\u00e1cter general, contratamos prestadores de servicios situados tambi\u00e9n dentro delEspacio Econ\u00f3mico Europeo o en pa\u00edses que han estado declarados con un nivel adecuado de protecci\u00f3n.<\/span><\/p>\n<p style=\"font-weight: 400;\"><span>Si necesitamos utilizar proveedores de servicios externos que requieran la transmisi\u00f3n de datos personales fuera la Uni\u00f3n Europea o en pa\u00edses que no han sido declarados con un nivel adecuado de protecci\u00f3n, nos aseguraremos de garantizar la seguridad y legitimidad del tratamiento de sus datos<\/span> <span>mediante<\/span> <span>decisiones de adecuaci\u00f3n<\/span> <span>,<\/span> <span>cl\u00e1usulas<\/span> <span>tipo<\/span> <span>,<\/span> <span>normas<\/span> <span>corporativas<\/span> <span>vinculantes<\/span> <span>,<\/span> <span>excepciones<\/span> las garant\u00edas adecuadas para la realizaci <span>\u00f3n<\/span> <span>de la transferencia internacional de datos.<\/span><\/p>\n<p style=\"font-weight: 400;\"><span> <\/span><\/p>\n<p style=\"font-weight: 400;\"><strong><span>Actualizaci\u00f3n de datos<\/span><\/strong><\/p>\n<p style=\"font-weight: 400;\"><span>Es importante que para que podamos mantener los datos personales actualizados, el usuario nos informe siempre que haya habido alguna modificaci\u00f3n en \u00e9stas, de lo contrario, no respondemos de la veracidad de \u00e9stas.<\/span><\/p>\n<p style=\"font-weight: 400;\"><span>El usuario garantiza que los datos personales facilitados son veraces garantizando que toda la informaci\u00f3n facilitada corresponde con la situaci\u00f3n real, puesta al d\u00eda y exacta, quedando obligado a comunicar cualquier modificaci\u00f3n.<\/span><\/p>\n<p style=\"font-weight: 400;\"><span> <\/span><\/p>\n<p style=\"font-weight: 400;\"><strong><span>Datos de Terceros<\/span><\/strong><\/p>\n<p style=\"font-weight: 400;\"><span>Si el usuario facilita datos de terceras personas para cualquier finalidad a Centro de Belleza M\u00e9s Bonica, garantiza que ha obtenido estos datos de forma l\u00edcita, que ha informado previamente a los afectados, obteniendo su consentimiento para comunicarlos y que la informaci\u00f3n facilitada es exacta y veraz.<\/span><\/p>\n<p style=\"font-weight: 400;\"><span> <\/span><\/p>\n<p style=\"font-weight: 400;\"><strong><span>Car\u00e1cter obligatorio de la informaci\u00f3n solicitada<\/span><\/strong><\/p>\n<p style=\"font-weight: 400;\"><span>Todos nuestros formularios cuentan con un asterisco (*) en los datos obligatorios. Si el usuario no llena estos campos, o no marca la casilla de aceptaci\u00f3n de la pol\u00edtica de privacidad, no se permitir\u00e1 el env\u00edo de la informaci\u00f3n. <\/span><\/p>\n<p style=\"font-weight: 400;\"><span> <\/span><\/p>\n<p style=\"font-weight: 400;\"><strong><span>Uso de las contrase\u00f1as<\/span><\/strong><\/p>\n<p style=\"font-weight: 400;\"><span>Para poder acceder al \u00c1rea Privada, el USUARIO deber\u00e1 \u201cIniciar Sesi\u00f3n\u201d e incluir la direcci\u00f3n del correo electr\u00f3nico y contrase\u00f1a generada en el formulario de registro de acuerdo a las reglas de complejidad que se establezcan en cada momento en la web.<\/span><\/p>\n<p style=\"font-weight: 400;\"><span>Los usuarios son responsables de la adecuada custodia y confidencialidad de cualesquiera de los identificadores y\/o contrase\u00f1as que hayan seleccionado en el registro, comprometi\u00e9ndose a no ceder su uso a terceros, ni permitir su acceso a personas ajenas.<\/span><\/p>\n<p style=\"font-weight: 400;\"><span>Asimismo, ser\u00e1 obligaci\u00f3n del usuario notificar de forma inmediata al Responsable cualquier hecho que permita el uso indebido de los identificadores y\/o contrase\u00f1as, tales como el robo, p\u00e9rdida, o acceso no autorizado a los mismos, con el fin de conducta a su inmediata cancelaci\u00f3n.<\/span><\/p>\n<p style=\"font-weight: 400;\"><span> <\/span><\/p>\n<p style=\"font-weight: 400;\"><strong><span>Derechos de las personas interesadas<\/span><\/strong><\/p>\n<p style=\"font-weight: 400;\"><span>Tiene derecho a acceder a sus datos ya obtener confirmaci\u00f3n sobre su tratamiento, as\u00ed como copia de los datos personales objeto de tratamiento. Tiene derecho a actualizarlos ya solicitar la rectificaci\u00f3n de los datos que sean inexactos o solicitar la supresi\u00f3n cuando los datos no sean necesarios para los fines por los que fueron recabados. Puede solicitar la limitaci\u00f3n en el tratamiento de sus datos y oponerse al tratamiento de \u00e9stos revocando su consentimiento, as\u00ed como ejercer el derecho a la portabilidad de los datos. De igual modo, tiene derecho a no ser objeto de decisiones basadas \u00fanicamente en el tratamiento automatizado de sus datos personales. Puede ejercer sus derechos contactando con nosotros en C\/ Sant Pere 58 &#8211; Tarragona. E-mail: <a href=\"mailto:bellesa@mesbonica.com.%20\">belleza@mesbonica.com.<\/a> <\/span><\/p>\n<p style=\"font-weight: 400;\"><span> <\/span><\/p>\n<p style=\"font-weight: 400;\"><strong><span>Redes Sociales<\/span><\/strong><\/p>\n<p style=\"font-weight: 400;\"><span>El objeto de las herramientas como Facebook, Twitter, Instagram, etc. u otras redes sociales es dar visibilidad y difusi\u00f3n a las actividades que desarrolla nuestra organizaci\u00f3n. Estas herramientas almacenan datos personales en los servidores de sus respectivos servicios y se rigen por su propia pol\u00edtica de privacidad. Se recomienda la revisi\u00f3n y lectura de las condiciones de uso y pol\u00edtica de privacidad de la red social en el momento de registrarse, teniendo en cuenta las diferentes posibilidades de configuraci\u00f3n en relaci\u00f3n con el grado de privacidad del perfil de usuario en la red social. <\/span><\/p>\n<p style=\"font-weight: 400;\"><span> <\/span><\/p>\n<p style=\"font-weight: 400;\"><span>Asimismo, el Responsable se reserva el derecho a eliminar de sus redes sociales cualquier informaci\u00f3n publicada por terceros que vulnere la legalidad, incite a hacerlo o contenga mensajes que atenten contra la dignidad de personas o instituciones. As\u00ed como el derecho a bloquear o denunciar el perfil autor de estos mensajes. <\/span><\/p>\n<p style=\"font-weight: 400;\"><span> <\/span><\/p>\n<p style=\"font-weight: 400;\"><strong><span>Tratamiento de Cookies<\/span><\/strong><\/p>\n<p style=\"font-weight: 400;\"><span>Una cookie es un peque\u00f1o archivo que se descarga y almacena en el ordenador del usuario cuando \u00e9ste accede a una p\u00e1gina web. Las cookies permiten a la web, entre otras cosas, almacenar y recuperar informaci\u00f3n sobre los h\u00e1bitos de navegaci\u00f3n del usuario o de su equipo y, dependiendo de la informaci\u00f3n que contengan y de la forma en que utilice su equipo, pueden utilizarse para reconocer al usuario. <\/span><\/p>\n<p style=\"font-weight: 400;\"><span> <\/span><\/p>\n<p style=\"font-weight: 400;\"><span>El usuario tiene la opci\u00f3n de impedir la generaci\u00f3n de cookies mediante la selecci\u00f3n de la correspondiente opci\u00f3n en su programa de navegador. Puede obtener m\u00e1s informaci\u00f3n leyendo nuestra <a href=\"https:\/\/mesbonica.com\/es\/politica-de-cookies\/\"><strong>Pol\u00edtica de Cookies.<\/strong><\/a> <\/span><\/p>\n<p style=\"font-weight: 400;\"><span> <\/span><\/p>\n<p style=\"font-weight: 400;\"><span> <\/span><\/p>\n<p>&nbsp;<\/p>\n<p>&nbsp;<\/p>\n<p>&nbsp;<\/p>\n<p><!-- \/divi:paragraph -->[\/et_pb_text][\/et_pb_column][\/et_pb_row][\/et_pb_section]<\/p>\n","protected":false},"excerpt":{"rendered":"<p>Pol\u00edtica de privacidad web\u00a0 Responsable del Tratamiento La empresa responsable del tratamiento de sus datos en virtud de esta Pol\u00edtica de privacidad es: Centro de belleza+bonica Domicilio: C\/ Sant Pere 58 Direcci\u00f3n de correo electr\u00f3nico: bellesa@mesbonica.com Web: mesbonica.com Tel\u00e9fono: +34 630170518 En Centre de belleza +bonica, reconocemos la importancia de proteger su informaci\u00f3n personal y [&hellip;]<\/p>\n","protected":false},"author":1,"featured_media":0,"parent":0,"menu_order":0,"comment_status":"closed","ping_status":"open","template":"","meta":{"_et_pb_use_builder":"on","_et_pb_old_content":"","_et_gb_content_width":"","footnotes":""},"class_list":["post-603","page","type-page","status-publish","hentry"],"yoast_head":"<!-- This site is optimized with the Yoast SEO plugin v27.2 - https:\/\/yoast.com\/product\/yoast-seo-wordpress\/ -->\n<title>Pol\u00edtica de privacidad - +bonica<\/title>\n<meta name=\"robots\" content=\"index, follow, max-snippet:-1, max-image-preview:large, max-video-preview:-1\" \/>\n<link rel=\"canonical\" href=\"https:\/\/mesbonica.com\/politica-privacitat\/\" \/>\n<meta property=\"og:locale\" content=\"es_ES\" \/>\n<meta property=\"og:type\" content=\"article\" \/>\n<meta property=\"og:title\" content=\"Pol\u00edtica de privacidad - +bonica\" \/>\n<meta property=\"og:description\" content=\"Pol\u00edtica de privacidad web\u00a0 Responsable del Tratamiento La empresa responsable del tratamiento de sus datos en virtud de esta Pol\u00edtica de privacidad es: Centro de belleza+bonica Domicilio: C\/ Sant Pere 58 Direcci\u00f3n de correo electr\u00f3nico: bellesa@mesbonica.com Web: mesbonica.com Tel\u00e9fono: +34 630170518 En Centre de belleza +bonica, reconocemos la importancia de proteger su informaci\u00f3n personal y [&hellip;]\" \/>\n<meta property=\"og:url\" content=\"https:\/\/mesbonica.com\/politica-privacitat\/\" \/>\n<meta property=\"og:site_name\" content=\"+bonica\" \/>\n<meta property=\"article:modified_time\" content=\"2025-07-23T17:19:56+00:00\" \/>\n<meta name=\"twitter:card\" content=\"summary_large_image\" \/>\n<meta name=\"twitter:label1\" content=\"Tiempo de lectura\" \/>\n\t<meta name=\"twitter:data1\" content=\"7 minutos\" \/>\n<script type=\"application\/ld+json\" class=\"yoast-schema-graph\">{\"@context\":\"https:\/\/schema.org\",\"@graph\":[{\"@type\":\"WebPage\",\"@id\":\"https:\/\/mesbonica.com\/politica-privacitat\/\",\"url\":\"https:\/\/mesbonica.com\/politica-privacitat\/\",\"name\":\"Pol\u00edtica de privacidad - +bonica\",\"isPartOf\":{\"@id\":\"https:\/\/mesbonica.com\/#website\"},\"datePublished\":\"2025-02-14T18:31:14+00:00\",\"dateModified\":\"2025-07-23T17:19:56+00:00\",\"breadcrumb\":{\"@id\":\"https:\/\/mesbonica.com\/politica-privacitat\/#breadcrumb\"},\"inLanguage\":\"es\",\"potentialAction\":[{\"@type\":\"ReadAction\",\"target\":[\"https:\/\/mesbonica.com\/politica-privacitat\/\"]}]},{\"@type\":\"BreadcrumbList\",\"@id\":\"https:\/\/mesbonica.com\/politica-privacitat\/#breadcrumb\",\"itemListElement\":[{\"@type\":\"ListItem\",\"position\":1,\"name\":\"Inici\",\"item\":\"https:\/\/mesbonica.com\/es\/\"},{\"@type\":\"ListItem\",\"position\":2,\"name\":\"Pol\u00edtica de privacidad\"}]},{\"@type\":\"WebSite\",\"@id\":\"https:\/\/mesbonica.com\/#website\",\"url\":\"https:\/\/mesbonica.com\/\",\"name\":\"+bonica\",\"description\":\"Centre de bellesa i benestar\",\"potentialAction\":[{\"@type\":\"SearchAction\",\"target\":{\"@type\":\"EntryPoint\",\"urlTemplate\":\"https:\/\/mesbonica.com\/?s={search_term_string}\"},\"query-input\":{\"@type\":\"PropertyValueSpecification\",\"valueRequired\":true,\"valueName\":\"search_term_string\"}}],\"inLanguage\":\"es\"}]}<\/script>\n<!-- \/ Yoast SEO plugin. -->","yoast_head_json":{"title":"Pol\u00edtica de privacidad - +bonica","robots":{"index":"index","follow":"follow","max-snippet":"max-snippet:-1","max-image-preview":"max-image-preview:large","max-video-preview":"max-video-preview:-1"},"canonical":"https:\/\/mesbonica.com\/politica-privacitat\/","og_locale":"es_ES","og_type":"article","og_title":"Pol\u00edtica de privacidad - +bonica","og_description":"Pol\u00edtica de privacidad web\u00a0 Responsable del Tratamiento La empresa responsable del tratamiento de sus datos en virtud de esta Pol\u00edtica de privacidad es: Centro de belleza+bonica Domicilio: C\/ Sant Pere 58 Direcci\u00f3n de correo electr\u00f3nico: bellesa@mesbonica.com Web: mesbonica.com Tel\u00e9fono: +34 630170518 En Centre de belleza +bonica, reconocemos la importancia de proteger su informaci\u00f3n personal y [&hellip;]","og_url":"https:\/\/mesbonica.com\/politica-privacitat\/","og_site_name":"+bonica","article_modified_time":"2025-07-23T17:19:56+00:00","twitter_card":"summary_large_image","twitter_misc":{"Tiempo de lectura":"7 minutos"},"schema":{"@context":"https:\/\/schema.org","@graph":[{"@type":"WebPage","@id":"https:\/\/mesbonica.com\/politica-privacitat\/","url":"https:\/\/mesbonica.com\/politica-privacitat\/","name":"Pol\u00edtica de privacidad - +bonica","isPartOf":{"@id":"https:\/\/mesbonica.com\/#website"},"datePublished":"2025-02-14T18:31:14+00:00","dateModified":"2025-07-23T17:19:56+00:00","breadcrumb":{"@id":"https:\/\/mesbonica.com\/politica-privacitat\/#breadcrumb"},"inLanguage":"es","potentialAction":[{"@type":"ReadAction","target":["https:\/\/mesbonica.com\/politica-privacitat\/"]}]},{"@type":"BreadcrumbList","@id":"https:\/\/mesbonica.com\/politica-privacitat\/#breadcrumb","itemListElement":[{"@type":"ListItem","position":1,"name":"Inici","item":"https:\/\/mesbonica.com\/es\/"},{"@type":"ListItem","position":2,"name":"Pol\u00edtica de privacidad"}]},{"@type":"WebSite","@id":"https:\/\/mesbonica.com\/#website","url":"https:\/\/mesbonica.com\/","name":"+bonica","description":"Centre de bellesa i benestar","potentialAction":[{"@type":"SearchAction","target":{"@type":"EntryPoint","urlTemplate":"https:\/\/mesbonica.com\/?s={search_term_string}"},"query-input":{"@type":"PropertyValueSpecification","valueRequired":true,"valueName":"search_term_string"}}],"inLanguage":"es"}]}},"_links":{"self":[{"href":"https:\/\/mesbonica.com\/es\/wp-json\/wp\/v2\/pages\/603","targetHints":{"allow":["GET"]}}],"collection":[{"href":"https:\/\/mesbonica.com\/es\/wp-json\/wp\/v2\/pages"}],"about":[{"href":"https:\/\/mesbonica.com\/es\/wp-json\/wp\/v2\/types\/page"}],"author":[{"embeddable":true,"href":"https:\/\/mesbonica.com\/es\/wp-json\/wp\/v2\/users\/1"}],"replies":[{"embeddable":true,"href":"https:\/\/mesbonica.com\/es\/wp-json\/wp\/v2\/comments?post=603"}],"version-history":[{"count":5,"href":"https:\/\/mesbonica.com\/es\/wp-json\/wp\/v2\/pages\/603\/revisions"}],"predecessor-version":[{"id":713,"href":"https:\/\/mesbonica.com\/es\/wp-json\/wp\/v2\/pages\/603\/revisions\/713"}],"wp:attachment":[{"href":"https:\/\/mesbonica.com\/es\/wp-json\/wp\/v2\/media?parent=603"}],"curies":[{"name":"wp","href":"https:\/\/api.w.org\/{rel}","templated":true}]}}