{"id":600,"date":"2025-03-13T14:45:52","date_gmt":"2025-03-13T14:45:52","guid":{"rendered":"https:\/\/mesbonica.com\/politica-de-cookies\/"},"modified":"2025-07-23T17:23:08","modified_gmt":"2025-07-23T17:23:08","slug":"politica-de-cookies","status":"publish","type":"page","link":"https:\/\/mesbonica.com\/es\/politica-de-cookies\/","title":{"rendered":"POL\u00cdTICA DE COOKIES"},"content":{"rendered":"<p>[et_pb_section fb_built=\u00bb1&#8243; _builder_version=\u00bb4.27.4&#8243; _module_preset=\u00bbdefault\u00bb custom_padding=\u00bb15px|||||\u00bb global_colors_info=\u00bb{}\u00bb][et_pb_row _builder_version=\u00bb4.27.4&#8243; _module_preset=\u00bbdefault\u00bb global_colors_info=\u00bb{}\u00bb][et_pb_column type=\u00bb4_4&#8243; _builder_version=\u00bb4.27.4&#8243; _module_preset=\u00bbdefault\u00bb global_colors_info=\u00bb{}\u00bb][et_pb_text _builder_version=\u00bb4.27.4&#8243; _module_preset=\u00bbdefault\u00bb global_colors_info=\u00bb{}\u00bb]<\/p>\n<h1 style=\"font-weight: 400;\"><strong>Pol\u00edtica de cookies\u00a0<\/strong><\/h1>\n<p style=\"font-weight: 400;\"><span><\/span><\/p>\n<p style=\"font-weight: 400;\"><span><\/span><\/p>\n<p>Les informamos que en la web www.mesbonica.com, el sistema de navegaci\u00f3n utiliza algunos datos de navegaci\u00f3n(\u201cCookies\u201d) para poder ofrecer un servicio m\u00e1s adecuado a los usuarios de la web. Las \u201cCookies\u201d son peque\u00f1os archivos de texto que el navegador almacena cuando senavega por sitios web y aplicaciones. En general, estas tecnolog\u00edas pueden servir para finalidades muy diversas, como por ejemplo, obtener informaci\u00f3n de sus h\u00e1bitos de navegaci\u00f3n o personalizar la forma en que se muestra el contenido. Nuestra web utiliza \u201ccookies\u201d de terceros; y en concreto cookies de an\u00e1lisis. Estas cookies son aquellas que, tratadas por terceros, nos permiten cuantificar el n\u00famero de usuarios y as\u00ed poder realizar la medicaci\u00f3n y an\u00e1lisis estad\u00edstico de la utilizaci\u00f3n que realizan los usuarios del servicio ofrecido. Por eso, se analiza su navegaci\u00f3n en nuestra web con la finalidad de mejorar nuestra oferta de productos y servicios. El Tercero es Google Analytics; que es un servicio de estad\u00edsticas de p\u00e1ginas web que ofrece Google, Inc. Google Analytics recoge informaci\u00f3n del equipo del usuario para obtener informes sobre la actividad de la aplicaci\u00f3n; almacena la informaci\u00f3n recogida por las \u201ccookies\u201d en servidores en los Estados Unidos. En todo caso, en el supuesto que se capten datos de car\u00e1cter personal y en este caso, s\u00f3lo la direcci\u00f3n IP de acceso; les informamos que \u00e9stos ser\u00e1n tratados bajo la responsabilidad de la empresa. La finalidad de este fichero es la gesti\u00f3n y control de los usuarios que interact\u00faan en la web y la informaci\u00f3n que se obtiene. Estos datos ser\u00e1n transmitidos a las empresas gestoras de las cookies y ser\u00e1n conservadas de acuerdo con los par\u00e1metros de estas entidades. Estos datos ser\u00e1n transferidos a terceros pa\u00edses, pudiendo obtener informaci\u00f3n al respecto en la propia pol\u00edtica de Google:<br \/><a href=\"https:\/\/policies.google.com\/privacy?hl=es\">https:\/\/policies.google.com\/privacy?hl=es<\/a> Conforme a lo dispuesto en la normativa de Protecci\u00f3n de Datos Personal, le informamos que puede revocar estas autorizaciones a trav\u00e9s de su propio navegador o ejercitar los derechos de acceso, rectificaci\u00f3n o supresi\u00f3n, la limitaci\u00f3n del tratamiento o oponerse, as\u00ed como el derecho a la portabilidad de los datos a: Centro de belleza Mes bonica C\/ Sant Pere 58, 43004 Tarragona o bien enviando un correo electr\u00f3nico a:<a href=\"mailto:bellesa@mesbonica.com\">bellesa@mesbonica.com<\/a> . As\u00ed mismo, podr\u00e1 presentar una reclamaci\u00f3n ante la Autoritat Catalana de Protecci\u00f3 de Dades. Se informa al usuario que Google podr\u00e1 transmitir esta informaci\u00f3n a terceros cuando as\u00ed lo requiera la ley, o cuando estos terceros procesen la informaci\u00f3n por cuenta de Google. Google no asociar\u00e1 la direcci\u00f3n IP del usuario con ning\u00fan otro dato de que disponga, y por tanto lo har\u00e1 totalmente de forma an\u00f3nima. Para rechazar o eliminar esta \u201ccookie\u201d se puede consultar la siguiente direcci\u00f3n:<a href=\"http:\/\/www.google.com\/intl\/ca\/policies\/privacy\/\">http:\/\/www.google.com\/intl\/ca\/policies\/privacy\/<\/a><a href=\"http:\/\/www.google.com\/intl\/en\/privacypolicy.html\">http:\/\/www.google.com\/intl\/en\/privacypolicy.html<\/a><\/p>\n<p style=\"font-weight: 400;\"><strong><\/strong><\/p>\n<p style=\"font-weight: 400;\"><strong><\/strong><\/p>\n<p style=\"font-weight: 400;\"><strong>DESACTIVACI\u00d3N Y BLOQUEO DE LAS COOKIES<\/strong><\/p>\n<p style=\"font-weight: 400;\"><span>En cualquier caso, el usuario puede habilitar la opci\u00f3n de su propi sistema de navegaci\u00f3n para no permitir la instalaci\u00f3n de cookies; y que en ning\u00fan caso el Centre de bellesa Mes bonica pueda ser responsable de que la inhabilitaci\u00f3n de Cookies comporte que algunos de los servicios que ofrece esta web no funcionen correctamente. En los siguientes enlaces, podr\u00e1 encontrar instrucciones que le ayudar\u00e1n a configurar los ajustes de los principales navegadores m\u00e1s utilizados:<\/span><\/p>\n<p style=\"font-weight: 400;\"><span>Internet Explorer: <a href=\"https:\/\/support.microsoft.com\/es-es\/help\/17442\/windows-internet-explorer-delete-manage-cookies\">https:\/\/support.microsoft.com\/es-es\/help\/17442\/windows-internet-explorer-delete-manage-cookies<\/a><\/span><\/p>\n<p style=\"font-weight: 400;\"><span>Microsoft Edge: <a href=\"https:\/\/support.microsoft.com\/es-es\/help\/4027947\/microsoft-edge-delete-cookies\">https:\/\/support.microsoft.com\/es-es\/help\/4027947\/microsoft-edge-delete-cookies<\/a><\/span><\/p>\n<p style=\"font-weight: 400;\"><span>Google Chrome: <a href=\"https:\/\/support.google.com\/chrome\/answer\/95647?hl=es\">https:\/\/support.google.com\/chrome\/answer\/95647?hl=es<\/a> Mozilla Firefox: <a href=\"http:\/\/support.mozilla.org\/es\/kb\/habilitar-y-deshabilitar-cookies-que-los-sitios-we\">http:\/\/support.mozilla.org\/es\/kb\/habilitar-y-deshabilitar-cookies-que-los-sitios-we<\/a><\/span><\/p>\n<p style=\"font-weight: 400;\"><span>Safari: <a href=\"http:\/\/support.apple.com\/kb\/ph5042\">http:\/\/support.apple.com\/kb\/ph5042<\/a><\/span><\/p>\n<p style=\"font-weight: 400;\"><span>Safari para IOS (Iphone, IPad): <a href=\"http:\/\/support.apple.com\/kb\/ht1677?viewlocale=es_es&amp;locale=es_es\">http:\/\/support.apple.com\/kb\/ht1677?viewlocale=es_es&amp;locale=es_es<\/a><\/span><\/p>\n<p style=\"font-weight: 400;\"><span>Chrome para Android: <a href=\"https:\/\/support.google.com\/chrome\/answer\/2392971?hl=es\">https:\/\/support.google.com\/chrome\/answer\/2392971?hl=es<\/a><\/span><\/p>\n<p style=\"font-weight: 400;\"><span><\/span><\/p>\n<p style=\"font-weight: 400;\"><span>Si desea m\u00e1s informaci\u00f3n sobre las cookies y su manera de inhabilitarlas seg\u00fan su sistema de navegaci\u00f3n puede consultar los siguientes links: <a href=\"http:\/\/www.aboutcookies.org\/\">http:\/\/www.aboutcookies.org<\/a> <a href=\"http:\/\/www.aboutcookies.org\/Default.aspx?page=1\">http:\/\/www.aboutcookies.org\/Default.aspx?page=1<\/a> En caso contrario, y habiendo informado el Centre de bellesa Mesbonica del uso de cookies, y sin que estas hayan estado inhabilitades implica que el usuario da su consentimiento al tratamiento de datos por Google en la forma prevista en este aviso y por las finalidades aqu\u00ed descritas. En caso de duda o de cualquier comentario, se puede dirigir al Centre de bellesa Mesbonica a trav\u00e9s de sus medios de atenci\u00f3nal p\u00fablico o bien comunicarse con nosotros a trav\u00e9s de <a href=\"mailto:bellesa@mesbonica.com\">bellesa@mesbonica.com<\/a> <\/span><\/p>\n<p>[\/et_pb_text][\/et_pb_column][\/et_pb_row][\/et_pb_section]<\/p>\n","protected":false},"excerpt":{"rendered":"<p>Pol\u00edtica de cookies\u00a0 Les informamos que en la web www.mesbonica.com, el sistema de navegaci\u00f3n utiliza algunos datos de navegaci\u00f3n(\u201cCookies\u201d) para poder ofrecer un servicio m\u00e1s adecuado a los usuarios de la web. Las \u201cCookies\u201d son peque\u00f1os archivos de texto que el navegador almacena cuando senavega por sitios web y aplicaciones. En general, estas tecnolog\u00edas pueden [&hellip;]<\/p>\n","protected":false},"author":2,"featured_media":0,"parent":0,"menu_order":0,"comment_status":"closed","ping_status":"closed","template":"","meta":{"_et_pb_use_builder":"on","_et_pb_old_content":"","_et_gb_content_width":"","footnotes":""},"class_list":["post-600","page","type-page","status-publish","hentry"],"yoast_head":"<!-- This site is optimized with the Yoast SEO plugin v27.2 - https:\/\/yoast.com\/product\/yoast-seo-wordpress\/ -->\n<title>POL\u00cdTICA DE COOKIES - +bonica<\/title>\n<meta name=\"robots\" content=\"index, follow, max-snippet:-1, max-image-preview:large, max-video-preview:-1\" \/>\n<link rel=\"canonical\" href=\"https:\/\/mesbonica.com\/politica-de-cookies\/\" \/>\n<meta property=\"og:locale\" content=\"es_ES\" \/>\n<meta property=\"og:type\" content=\"article\" \/>\n<meta property=\"og:title\" content=\"POL\u00cdTICA DE COOKIES - +bonica\" \/>\n<meta property=\"og:description\" content=\"Pol\u00edtica de cookies\u00a0 Les informamos que en la web www.mesbonica.com, el sistema de navegaci\u00f3n utiliza algunos datos de navegaci\u00f3n(\u201cCookies\u201d) para poder ofrecer un servicio m\u00e1s adecuado a los usuarios de la web. Las \u201cCookies\u201d son peque\u00f1os archivos de texto que el navegador almacena cuando senavega por sitios web y aplicaciones. En general, estas tecnolog\u00edas pueden [&hellip;]\" \/>\n<meta property=\"og:url\" content=\"https:\/\/mesbonica.com\/politica-de-cookies\/\" \/>\n<meta property=\"og:site_name\" content=\"+bonica\" \/>\n<meta property=\"article:modified_time\" content=\"2025-07-23T17:23:08+00:00\" \/>\n<meta name=\"twitter:card\" content=\"summary_large_image\" \/>\n<meta name=\"twitter:label1\" content=\"Tiempo de lectura\" \/>\n\t<meta name=\"twitter:data1\" content=\"4 minutos\" \/>\n<script type=\"application\/ld+json\" class=\"yoast-schema-graph\">{\"@context\":\"https:\/\/schema.org\",\"@graph\":[{\"@type\":\"WebPage\",\"@id\":\"https:\/\/mesbonica.com\/politica-de-cookies\/\",\"url\":\"https:\/\/mesbonica.com\/politica-de-cookies\/\",\"name\":\"POL\u00cdTICA DE COOKIES - +bonica\",\"isPartOf\":{\"@id\":\"https:\/\/mesbonica.com\/#website\"},\"datePublished\":\"2025-03-13T14:45:52+00:00\",\"dateModified\":\"2025-07-23T17:23:08+00:00\",\"breadcrumb\":{\"@id\":\"https:\/\/mesbonica.com\/politica-de-cookies\/#breadcrumb\"},\"inLanguage\":\"es\",\"potentialAction\":[{\"@type\":\"ReadAction\",\"target\":[\"https:\/\/mesbonica.com\/politica-de-cookies\/\"]}]},{\"@type\":\"BreadcrumbList\",\"@id\":\"https:\/\/mesbonica.com\/politica-de-cookies\/#breadcrumb\",\"itemListElement\":[{\"@type\":\"ListItem\",\"position\":1,\"name\":\"Inici\",\"item\":\"https:\/\/mesbonica.com\/es\/\"},{\"@type\":\"ListItem\",\"position\":2,\"name\":\"POL\u00cdTICA DE COOKIES\"}]},{\"@type\":\"WebSite\",\"@id\":\"https:\/\/mesbonica.com\/#website\",\"url\":\"https:\/\/mesbonica.com\/\",\"name\":\"+bonica\",\"description\":\"Centre de bellesa i benestar\",\"potentialAction\":[{\"@type\":\"SearchAction\",\"target\":{\"@type\":\"EntryPoint\",\"urlTemplate\":\"https:\/\/mesbonica.com\/?s={search_term_string}\"},\"query-input\":{\"@type\":\"PropertyValueSpecification\",\"valueRequired\":true,\"valueName\":\"search_term_string\"}}],\"inLanguage\":\"es\"}]}<\/script>\n<!-- \/ Yoast SEO plugin. -->","yoast_head_json":{"title":"POL\u00cdTICA DE COOKIES - +bonica","robots":{"index":"index","follow":"follow","max-snippet":"max-snippet:-1","max-image-preview":"max-image-preview:large","max-video-preview":"max-video-preview:-1"},"canonical":"https:\/\/mesbonica.com\/politica-de-cookies\/","og_locale":"es_ES","og_type":"article","og_title":"POL\u00cdTICA DE COOKIES - +bonica","og_description":"Pol\u00edtica de cookies\u00a0 Les informamos que en la web www.mesbonica.com, el sistema de navegaci\u00f3n utiliza algunos datos de navegaci\u00f3n(\u201cCookies\u201d) para poder ofrecer un servicio m\u00e1s adecuado a los usuarios de la web. Las \u201cCookies\u201d son peque\u00f1os archivos de texto que el navegador almacena cuando senavega por sitios web y aplicaciones. En general, estas tecnolog\u00edas pueden [&hellip;]","og_url":"https:\/\/mesbonica.com\/politica-de-cookies\/","og_site_name":"+bonica","article_modified_time":"2025-07-23T17:23:08+00:00","twitter_card":"summary_large_image","twitter_misc":{"Tiempo de lectura":"4 minutos"},"schema":{"@context":"https:\/\/schema.org","@graph":[{"@type":"WebPage","@id":"https:\/\/mesbonica.com\/politica-de-cookies\/","url":"https:\/\/mesbonica.com\/politica-de-cookies\/","name":"POL\u00cdTICA DE COOKIES - +bonica","isPartOf":{"@id":"https:\/\/mesbonica.com\/#website"},"datePublished":"2025-03-13T14:45:52+00:00","dateModified":"2025-07-23T17:23:08+00:00","breadcrumb":{"@id":"https:\/\/mesbonica.com\/politica-de-cookies\/#breadcrumb"},"inLanguage":"es","potentialAction":[{"@type":"ReadAction","target":["https:\/\/mesbonica.com\/politica-de-cookies\/"]}]},{"@type":"BreadcrumbList","@id":"https:\/\/mesbonica.com\/politica-de-cookies\/#breadcrumb","itemListElement":[{"@type":"ListItem","position":1,"name":"Inici","item":"https:\/\/mesbonica.com\/es\/"},{"@type":"ListItem","position":2,"name":"POL\u00cdTICA DE COOKIES"}]},{"@type":"WebSite","@id":"https:\/\/mesbonica.com\/#website","url":"https:\/\/mesbonica.com\/","name":"+bonica","description":"Centre de bellesa i benestar","potentialAction":[{"@type":"SearchAction","target":{"@type":"EntryPoint","urlTemplate":"https:\/\/mesbonica.com\/?s={search_term_string}"},"query-input":{"@type":"PropertyValueSpecification","valueRequired":true,"valueName":"search_term_string"}}],"inLanguage":"es"}]}},"_links":{"self":[{"href":"https:\/\/mesbonica.com\/es\/wp-json\/wp\/v2\/pages\/600","targetHints":{"allow":["GET"]}}],"collection":[{"href":"https:\/\/mesbonica.com\/es\/wp-json\/wp\/v2\/pages"}],"about":[{"href":"https:\/\/mesbonica.com\/es\/wp-json\/wp\/v2\/types\/page"}],"author":[{"embeddable":true,"href":"https:\/\/mesbonica.com\/es\/wp-json\/wp\/v2\/users\/2"}],"replies":[{"embeddable":true,"href":"https:\/\/mesbonica.com\/es\/wp-json\/wp\/v2\/comments?post=600"}],"version-history":[{"count":3,"href":"https:\/\/mesbonica.com\/es\/wp-json\/wp\/v2\/pages\/600\/revisions"}],"predecessor-version":[{"id":716,"href":"https:\/\/mesbonica.com\/es\/wp-json\/wp\/v2\/pages\/600\/revisions\/716"}],"wp:attachment":[{"href":"https:\/\/mesbonica.com\/es\/wp-json\/wp\/v2\/media?parent=600"}],"curies":[{"name":"wp","href":"https:\/\/api.w.org\/{rel}","templated":true}]}}