{"id":581,"date":"2025-03-13T14:48:00","date_gmt":"2025-03-13T14:48:00","guid":{"rendered":"https:\/\/mesbonica.com\/aviso-legal\/"},"modified":"2025-07-23T08:12:46","modified_gmt":"2025-07-23T08:12:46","slug":"aviso-legal","status":"publish","type":"page","link":"https:\/\/mesbonica.com\/es\/aviso-legal\/","title":{"rendered":"Aviso legal"},"content":{"rendered":"<p>[et_pb_section fb_built=\u00bb1&#8243; _builder_version=\u00bb4.27.4&#8243; _module_preset=\u00bbdefault\u00bb custom_padding=\u00bb5px|||||\u00bb global_colors_info=\u00bb{}\u00bb][et_pb_row _builder_version=\u00bb4.27.4&#8243; _module_preset=\u00bbdefault\u00bb global_colors_info=\u00bb{}\u00bb][et_pb_column type=\u00bb4_4&#8243; _builder_version=\u00bb4.27.4&#8243; _module_preset=\u00bbdefault\u00bb global_colors_info=\u00bb{}\u00bb][et_pb_text _builder_version=\u00bb4.27.4&#8243; _module_preset=\u00bbdefault\u00bb global_colors_info=\u00bb{}\u00bb]<\/p>\n<h1 style=\"font-weight: 400;\"><strong><span>Aviso legal<\/span><\/strong><\/h1>\n<p style=\"font-weight: 400;\"><strong><span> <\/span><\/strong><\/p>\n<p style=\"font-weight: 400;\"><strong><span>LEY DE LOS SERVICIOS DE LA SOCIEDAD DE LA INFORMACI\u00d3N (LSSI)<\/span><\/strong><\/p>\n<p style=\"font-weight: 400;\"><span>Centro de belleza +bonica responsable del sitio web, de ahora en adelante RESPONSABLE, pone a disposici\u00f3n de los usuarios el presente documento, con el cual pretende dar cumplimiento a las obligaciones dispuestas en la Ley 34\/2002, de 11 de julio, de servicios de la Sociedad de la Informaci\u00f3n y de Comercio Electr\u00f3nico (LSSICE), BOE N\u00ba 166, as\u00ed como informar a todos los usuarios del sitio web respecta a cu\u00e1les las condiciones de uso.<\/span><\/p>\n<p style=\"font-weight: 400;\"><span>Toda persona que acceda a este sitio web asume el papel de usuario, comprometi\u00e9ndose a observaci\u00f3n y cumplimiento riguroso de las disposiciones aqu\u00ed dispuestas, as\u00ed como cualquier otra disposici\u00f3n legal que fuese de aplicaci\u00f3n.<\/span><\/p>\n<p style=\"font-weight: 400;\"><span>Centro de belleza +bonica se reserva el derecho de modificar cualquier tipo de informaci\u00f3n que pueda aparecer en el sitio web, sin que haya obligaci\u00f3n de avisar o poner en conocimiento de los usuarios estas obligaciones, entendi\u00e9ndose como suficiente con la publicaci\u00f3n en el sitio web de Centro de belleza +bonica.<\/span><\/p>\n<p style=\"font-weight: 400;\"><span> <\/span><\/p>\n<ol>\n<li style=\"font-weight: 400;\"><strong><span> DATOS IDENTIFICATIVOS<\/span><\/strong><\/li>\n<\/ol>\n<p style=\"font-weight: 400;\"><span>Nombre de dominio: mesbonica.com <\/span><\/p>\n<p style=\"font-weight: 400;\"><span>Nombre comercial: Centre de bellesa +bonica<\/span><\/p>\n<p style=\"font-weight: 400;\"><span>Domicilio social: C\/ Sant Pere 58<\/span><\/p>\n<p style=\"font-weight: 400;\"><span>Tel\u00e9fono: 630170518<\/span><\/p>\n<p style=\"font-weight: 400;\"><span>correo electr\u00f3nico: <a href=\"mailto:bellesa@mesbonica.com\">bellesa@mesbonica.com<\/a><\/span><\/p>\n<p style=\"font-weight: 400;\"><span> <\/span><\/p>\n<ol start=\"2\">\n<li style=\"font-weight: 400;\"><strong><span> DERECHOS DE PROPIEDAD INTELECTUAL Y INDUSTRIAL<\/span><\/strong><\/li>\n<\/ol>\n<p style=\"font-weight: 400;\"><span>El sitio web, incluyendo a t\u00edtulo enunciativo pero no limitativo su programaci\u00f3n, edici\u00f3n, compilaci\u00f3n y otros elementos necesarios para su funcionamiento, los dise\u00f1os, logotipos, texto y \/ o gr\u00e1ficos, son propiedad del RESPONSABLE o, si es el caso, dispone de licencia o autorizaci\u00f3n expresa por parte de los autores. Todos los contenidos del sitio web se encuentran debidamente protegidos por la normativa de propiedad intelectual y industrial, as\u00ed como inscritos en los registros p\u00fablicos correspondientes. <\/span><\/p>\n<p style=\"font-weight: 400;\"><span>Independientemente de la finalidad por la cual fuesen destinados, la reproducci\u00f3n total o parcial, uso, explotaci\u00f3n, distribuci\u00f3n y comercializaci\u00f3n, requieren en todo caso de la autorizaci\u00f3n escrita previa por parte del RESPONSABLE. Cualquier uso no autorizado previamente se considera un incumplimiento grave de los derechos de propiedad intelectual o industrial del autor. <\/span><\/p>\n<p style=\"font-weight: 400;\"><span>Los dise\u00f1os, logotipos, texto y \/ o gr\u00e1ficos ajenos al RESPONSABLE y que puedan aparecer en el sitio web, pertenecen a sus respectivos propietarios, siendo ellos mismos responsables de cualquier posible controversia que pueda suscitar respecto a los mismos. El RESPONSABLE autoriza expresamente a que terceros puedan redirigir directamente a los contenidos concretos del sitio web, y en todo caso redirigir al sitio web principal mesbonica.com. <\/span><\/p>\n<p style=\"font-weight: 400;\"><span>El RESPONSABLE reconoce a favor de sus titulares los correspondientes derechos de la propiedad intelectual y industrial, no implicando una sola menci\u00f3n o aparici\u00f3n en el sitio web la existencia de derechos o responsabilidad alguna sobre los mismos, como tampoco respaldo, patrocinio o recomendaci\u00f3n por parte del mismo.<\/span><\/p>\n<p style=\"font-weight: 400;\"><span> <\/span><\/p>\n<p style=\"font-weight: 400;\"><span>Para realizar cualquier tipo de observaci\u00f3n respecto a posibles cumplimientos de los derechos de la propiedad intelectual o industrial, as\u00ed como sobre cualquier contenido del sitio web, puede hacerlo a trav\u00e9s del correo electr\u00f3nico: <a href=\"mailto:bellesa@mesbonica.com\">bellesa@mesbonica.com<\/a><\/span><\/p>\n<p style=\"font-weight: 400;\"><span> <\/span><\/p>\n<ol start=\"3\">\n<li style=\"font-weight: 400;\"><strong><span> EXEMPCI\u00d3n DE RESPONSABILIDADES <\/span><\/strong><\/li>\n<\/ol>\n<p style=\"font-weight: 400;\"><span>El RESPONSABLE se exime de cualquier tipo de responsabilidad derivada de la informaci\u00f3n publicada en su sitio web siempre que esta informaci\u00f3n haya estado manipulada o introducida por un tercero ajeno a este.<\/span><\/p>\n<p style=\"font-weight: 400;\"><span> <\/span><\/p>\n<p style=\"font-weight: 400;\"><strong><span>USO DE COOKIES<\/span><\/strong><\/p>\n<p style=\"font-weight: 400;\"><span>Este sitio web puede utilizar cookies t\u00e9cnicas (peque\u00f1os archivos de informaci\u00f3n que el servidor env\u00eda al ordenador de quien acceda a la p\u00e1gina) para llevar a cabo determinadas funciones que son consideradas imprescindibles para el correcto funcionamiento y visualizaci\u00f3n del sitio. Las cookies utilizadas tienen, en todo caso, car\u00e1cter temporal, con la \u00fanica finalidad de hacerm\u00e1s eficaz la navegaci\u00f3n, y desaparecen al acabar la sesi\u00f3n de usuario. En ning\u00fan caso, estas cookies proporcionan por s\u00ed mismas datos de car\u00e1cter personal y no se utilizar\u00e1n parala recogida de los mismos.<\/span><\/p>\n<p style=\"font-weight: 400;\"><span>Mediante el uso de cookies tambi\u00e9n es posible que el servidor donde se encuentra la web reconozca el navegador utilizado por el usuario con la finalidad que la navegaci\u00f3n sea m\u00e1s sencilla, permitiendo, por ejemplo, el acceso de los usuarios que se hayan registrado previamente en sus \u00e1reas, servicios, promociones o concursos reservados exclusivamente a ellos sin tener que registrar en cada visita. Tambi\u00e9n se pueden utilizar para medir la audiencia, par\u00e1metros de tr\u00e1nsito, controlar el progreso y nombre de entradas, etc., se entiende en estos casos, cookies prescindibles t\u00e9cnicamente pero beneficiosas para elusuario. Este sitio web no instalar\u00e1 cookies prescindibles sin el consentimiento previo del usuario. <\/span><\/p>\n<p style=\"font-weight: 400;\"><span>El usuario tiene la posibilidad de configurar su navegador para ser alertado de la recepci\u00f3n de cookies y para impedir su instalaci\u00f3n en su equipo. Por favor, consulte las instrucciones de su navegador para ampliar esta informaci\u00f3n.<\/span><\/p>\n<p style=\"font-weight: 400;\"><span> <\/span><\/p>\n<p style=\"font-weight: 400;\"><strong><span>Pol\u00edtica de enlaces <\/span><\/strong><\/p>\n<p style=\"font-weight: 400;\"><span>Desde el sitio web, es posible que se redirija a contenidos de terceros sitios web. Dado que el RESPONSABLE no puede controlar siempre los contenidos introducidos para los terceros en sus respectivos sitios web, no asume ning\u00fan tipo de responsabilidad respecto a estos contenidos. En todo caso, proceder\u00e1 a la retirada inmediata de cualquier contenido que pueda contravenir la legislaci\u00f3n nacional o internacional, la moral o el orden p\u00fablico, procediendo a la retirada inmediata de la redirecci\u00f3n a dicho sitio web, poniendo en conocimiento de las autoridades competentes el contenido en cuesti\u00f3n.<\/span><\/p>\n<p style=\"font-weight: 400;\"><span>El RESPONSABLE no es har\u00e1 responsable de la informaci\u00f3n y contenidos almacenados, a t\u00edtulo enunciativo pero no limitativo, en f\u00f3rums, chats, generadores de blogs, comentarios, redes sociales o cualquier otro medio que permita a terceros publicar contenidos de forma independiente en la p\u00e1gina web del RESPONSABLE. No obstante, y en cumplimiento de lo que disponen los art\u00edculos 11 y 16 de la LSSICE, se pone a disposici\u00f3n de todos los usuarios, autoridades y fuerzas de seguridad, colaborando de forma activa en la retirada o, si es preciso, bloqueo de todos aquellos contenidos que puedan afectar o contravenir la legislaci\u00f3n nacional o internacional, los derechos de terceros o la moral y el orden p\u00fablico. En caso que el usuario considere que existe en el sitio web alg\u00fan contenido que pudiese ser susceptible de esta clasificaci\u00f3n, se ruega lo haga saber de forma inmediata al administrador del sitio web..<\/span><\/p>\n<p style=\"font-weight: 400;\"><span>Este sitio web ha sido revisado y probado para que funcione correctamente. En principio, se puede garantizar el correcto funcionamiento los 365 d\u00edas del a\u00f1o, 24 horas al d\u00eda. No obstante, el RESPONSABLE no descarta la posibilidad que existan ciertos errores de programaci\u00f3n, o que surjan causas de fuerza mayor, cat\u00e1strofes naturales, huelgas o circunstancias parecidas que hagan imposible el acceso a la p\u00e1gina web.<\/span><\/p>\n<p style=\"font-weight: 400;\"><span> <\/span><\/p>\n<p style=\"font-weight: 400;\"><strong><span>Direcciones IP<\/span><\/strong><\/p>\n<p style=\"font-weight: 400;\"><span>Los servidores del sitio web podr\u00e1n detectar de manera autom\u00e1tica la direcci\u00f3n IP y el nombre del dominio utilizado por el usuario. Una direcci\u00f3n IP es un n\u00famero asignado autom\u00e1ticamente a un ordenador cuando este se conecta a Internet. Toda esta informaci\u00f3n es registrada en un fichero de actividad del servidor debidamente inscrito que permite el posterior proceso de los datos con la finalidad de obtener medidas \u00fanicamente estad\u00edsticas que permitan conocer el n\u00famero de impresiones de p\u00e1ginas, el n\u00famero de visitas realizadas a los servidores web, el orden de visitas, el punto de acceso, etc.<\/span><\/p>\n<ol start=\"4\">\n<li style=\"font-weight: 400;\"><strong><span> LEY APLICABLE Y JURISDICCI\u00d3N<\/span><\/strong><\/li>\n<\/ol>\n<p style=\"font-weight: 400;\"><span>La ley aplicable en caso de disputa o conflicto de interpretaci\u00f3n de los t\u00e9rminos que conforman los textos legales, as\u00ed como cualquier cuesti\u00f3n relacionada con los servicios de la presente web, ser\u00e1 la ley espa\u00f1ola.<\/span><\/p>\n<p>[\/et_pb_text][\/et_pb_column][\/et_pb_row][\/et_pb_section]<\/p>\n","protected":false},"excerpt":{"rendered":"<p>Aviso legal LEY DE LOS SERVICIOS DE LA SOCIEDAD DE LA INFORMACI\u00d3N (LSSI) Centro de belleza +bonica responsable del sitio web, de ahora en adelante RESPONSABLE, pone a disposici\u00f3n de los usuarios el presente documento, con el cual pretende dar cumplimiento a las obligaciones dispuestas en la Ley 34\/2002, de 11 de julio, de servicios [&hellip;]<\/p>\n","protected":false},"author":2,"featured_media":0,"parent":0,"menu_order":0,"comment_status":"closed","ping_status":"closed","template":"","meta":{"_et_pb_use_builder":"on","_et_pb_old_content":"","_et_gb_content_width":"","footnotes":""},"class_list":["post-581","page","type-page","status-publish","hentry"],"yoast_head":"<!-- This site is optimized with the Yoast SEO plugin v27.2 - https:\/\/yoast.com\/product\/yoast-seo-wordpress\/ -->\n<title>Aviso legal - +bonica<\/title>\n<meta name=\"robots\" content=\"index, follow, max-snippet:-1, max-image-preview:large, max-video-preview:-1\" \/>\n<link rel=\"canonical\" href=\"https:\/\/mesbonica.com\/avis-legal\/\" \/>\n<meta property=\"og:locale\" content=\"es_ES\" \/>\n<meta property=\"og:type\" content=\"article\" \/>\n<meta property=\"og:title\" content=\"Aviso legal - +bonica\" \/>\n<meta property=\"og:description\" content=\"Aviso legal LEY DE LOS SERVICIOS DE LA SOCIEDAD DE LA INFORMACI\u00d3N (LSSI) Centro de belleza +bonica responsable del sitio web, de ahora en adelante RESPONSABLE, pone a disposici\u00f3n de los usuarios el presente documento, con el cual pretende dar cumplimiento a las obligaciones dispuestas en la Ley 34\/2002, de 11 de julio, de servicios [&hellip;]\" \/>\n<meta property=\"og:url\" content=\"https:\/\/mesbonica.com\/avis-legal\/\" \/>\n<meta property=\"og:site_name\" content=\"+bonica\" \/>\n<meta property=\"article:modified_time\" content=\"2025-07-23T08:12:46+00:00\" \/>\n<meta name=\"twitter:card\" content=\"summary_large_image\" \/>\n<meta name=\"twitter:label1\" content=\"Tiempo de lectura\" \/>\n\t<meta name=\"twitter:data1\" content=\"7 minutos\" \/>\n<script type=\"application\/ld+json\" class=\"yoast-schema-graph\">{\"@context\":\"https:\/\/schema.org\",\"@graph\":[{\"@type\":\"WebPage\",\"@id\":\"https:\/\/mesbonica.com\/avis-legal\/\",\"url\":\"https:\/\/mesbonica.com\/avis-legal\/\",\"name\":\"Aviso legal - +bonica\",\"isPartOf\":{\"@id\":\"https:\/\/mesbonica.com\/#website\"},\"datePublished\":\"2025-03-13T14:48:00+00:00\",\"dateModified\":\"2025-07-23T08:12:46+00:00\",\"breadcrumb\":{\"@id\":\"https:\/\/mesbonica.com\/avis-legal\/#breadcrumb\"},\"inLanguage\":\"es\",\"potentialAction\":[{\"@type\":\"ReadAction\",\"target\":[\"https:\/\/mesbonica.com\/avis-legal\/\"]}]},{\"@type\":\"BreadcrumbList\",\"@id\":\"https:\/\/mesbonica.com\/avis-legal\/#breadcrumb\",\"itemListElement\":[{\"@type\":\"ListItem\",\"position\":1,\"name\":\"Inici\",\"item\":\"https:\/\/mesbonica.com\/es\/\"},{\"@type\":\"ListItem\",\"position\":2,\"name\":\"Aviso legal\"}]},{\"@type\":\"WebSite\",\"@id\":\"https:\/\/mesbonica.com\/#website\",\"url\":\"https:\/\/mesbonica.com\/\",\"name\":\"+bonica\",\"description\":\"Centre de bellesa i benestar\",\"potentialAction\":[{\"@type\":\"SearchAction\",\"target\":{\"@type\":\"EntryPoint\",\"urlTemplate\":\"https:\/\/mesbonica.com\/?s={search_term_string}\"},\"query-input\":{\"@type\":\"PropertyValueSpecification\",\"valueRequired\":true,\"valueName\":\"search_term_string\"}}],\"inLanguage\":\"es\"}]}<\/script>\n<!-- \/ Yoast SEO plugin. -->","yoast_head_json":{"title":"Aviso legal - +bonica","robots":{"index":"index","follow":"follow","max-snippet":"max-snippet:-1","max-image-preview":"max-image-preview:large","max-video-preview":"max-video-preview:-1"},"canonical":"https:\/\/mesbonica.com\/avis-legal\/","og_locale":"es_ES","og_type":"article","og_title":"Aviso legal - +bonica","og_description":"Aviso legal LEY DE LOS SERVICIOS DE LA SOCIEDAD DE LA INFORMACI\u00d3N (LSSI) Centro de belleza +bonica responsable del sitio web, de ahora en adelante RESPONSABLE, pone a disposici\u00f3n de los usuarios el presente documento, con el cual pretende dar cumplimiento a las obligaciones dispuestas en la Ley 34\/2002, de 11 de julio, de servicios [&hellip;]","og_url":"https:\/\/mesbonica.com\/avis-legal\/","og_site_name":"+bonica","article_modified_time":"2025-07-23T08:12:46+00:00","twitter_card":"summary_large_image","twitter_misc":{"Tiempo de lectura":"7 minutos"},"schema":{"@context":"https:\/\/schema.org","@graph":[{"@type":"WebPage","@id":"https:\/\/mesbonica.com\/avis-legal\/","url":"https:\/\/mesbonica.com\/avis-legal\/","name":"Aviso legal - +bonica","isPartOf":{"@id":"https:\/\/mesbonica.com\/#website"},"datePublished":"2025-03-13T14:48:00+00:00","dateModified":"2025-07-23T08:12:46+00:00","breadcrumb":{"@id":"https:\/\/mesbonica.com\/avis-legal\/#breadcrumb"},"inLanguage":"es","potentialAction":[{"@type":"ReadAction","target":["https:\/\/mesbonica.com\/avis-legal\/"]}]},{"@type":"BreadcrumbList","@id":"https:\/\/mesbonica.com\/avis-legal\/#breadcrumb","itemListElement":[{"@type":"ListItem","position":1,"name":"Inici","item":"https:\/\/mesbonica.com\/es\/"},{"@type":"ListItem","position":2,"name":"Aviso legal"}]},{"@type":"WebSite","@id":"https:\/\/mesbonica.com\/#website","url":"https:\/\/mesbonica.com\/","name":"+bonica","description":"Centre de bellesa i benestar","potentialAction":[{"@type":"SearchAction","target":{"@type":"EntryPoint","urlTemplate":"https:\/\/mesbonica.com\/?s={search_term_string}"},"query-input":{"@type":"PropertyValueSpecification","valueRequired":true,"valueName":"search_term_string"}}],"inLanguage":"es"}]}},"_links":{"self":[{"href":"https:\/\/mesbonica.com\/es\/wp-json\/wp\/v2\/pages\/581","targetHints":{"allow":["GET"]}}],"collection":[{"href":"https:\/\/mesbonica.com\/es\/wp-json\/wp\/v2\/pages"}],"about":[{"href":"https:\/\/mesbonica.com\/es\/wp-json\/wp\/v2\/types\/page"}],"author":[{"embeddable":true,"href":"https:\/\/mesbonica.com\/es\/wp-json\/wp\/v2\/users\/2"}],"replies":[{"embeddable":true,"href":"https:\/\/mesbonica.com\/es\/wp-json\/wp\/v2\/comments?post=581"}],"version-history":[{"count":4,"href":"https:\/\/mesbonica.com\/es\/wp-json\/wp\/v2\/pages\/581\/revisions"}],"predecessor-version":[{"id":625,"href":"https:\/\/mesbonica.com\/es\/wp-json\/wp\/v2\/pages\/581\/revisions\/625"}],"wp:attachment":[{"href":"https:\/\/mesbonica.com\/es\/wp-json\/wp\/v2\/media?parent=581"}],"curies":[{"name":"wp","href":"https:\/\/api.w.org\/{rel}","templated":true}]}}