{"id":578,"date":"2025-03-17T16:41:20","date_gmt":"2025-03-17T16:41:20","guid":{"rendered":"https:\/\/mesbonica.com\/accesibilidad\/"},"modified":"2025-07-23T17:21:28","modified_gmt":"2025-07-23T17:21:28","slug":"accesibilidad","status":"publish","type":"page","link":"https:\/\/mesbonica.com\/es\/accesibilidad\/","title":{"rendered":"Accesibilidad"},"content":{"rendered":"<p>[et_pb_section fb_built=\u00bb1&#8243; _builder_version=\u00bb4.27.4&#8243; _module_preset=\u00bbdefault\u00bb global_colors_info=\u00bb{}\u00bb][et_pb_row _builder_version=\u00bb4.27.4&#8243; _module_preset=\u00bbdefault\u00bb global_colors_info=\u00bb{}\u00bb][et_pb_column type=\u00bb4_4&#8243; _builder_version=\u00bb4.27.4&#8243; _module_preset=\u00bbdefault\u00bb global_colors_info=\u00bb{}\u00bb][et_pb_text _builder_version=\u00bb4.27.4&#8243; _module_preset=\u00bbdefault\u00bb global_colors_info=\u00bb{}\u00bb]<\/p>\n<h1><span>Declaraci\u00f3n de accesibilidad<\/span><br \/><span><\/span><\/h1>\n<p><span><\/span><\/p>\n<p><span><\/span><\/p>\n<h3><span>Nuestro compromiso con la accesibilidad<\/span><br \/><span><\/span><\/h3>\n<p><span>Nos comprometemos a que nuestro sitio web sea accesible y f\u00e1cil de usar para la audiencia m\u00e1s amplia posible, independientemente de su capacidad. Aportamos tiempo, nuestra experiencia y creatividad para acelerar la accesibilidad.<\/span><\/p>\n<p><span>Nuestro sitio web cumple con las Directrices de accesibilidad al contenido web del<\/span> <span>World<\/span><span> <\/span><span>Wide<\/span> <span>Web<\/span> <span>Consortium<\/span><span> (W3C). Nos ayuda a garantizar que el sitio web sea accesible para personas ciegas, personas con discapacidades cognitivas, discapacidad visual y m\u00e1s. Hemos utilizado una interfaz de accesibilidad que permite a los visitantes con discapacidades espec\u00edficas ajustar la interfaz de usuario y el dise\u00f1o del sitio web seg\u00fan sus preferencias.<\/span><\/p>\n<p><span>Estamos considerando la accesibilidad como un esfuerzo continuo. Participamos activamente en la realizaci\u00f3n peri\u00f3dica de auditor\u00edas, evaluaciones y pruebas de sitios web para garantizar que nuestras propiedades web cumplan o superen los est\u00e1ndares de accesibilidad.<\/span><\/p>\n<p><span><\/span><\/p>\n<h3><span>Comentarios o preguntas?<\/span><br \/><span><\/span><\/h3>\n<p><span>Independientemente de nuestros mejores esfuerzos para permitir que los visitantes\/usuarios ajusten el sitio web seg\u00fan sus requisitos de accesibilidad, existen muchas posibilidades de que algunas p\u00e1ginas o secciones no sean totalmente accesibles o, debido al<\/span> <span>iframe<\/span><span> o la integraci\u00f3n de terceros, no tengamos acceso directo. control sobre \u00e9l oa causa de la falta de una soluci\u00f3n tecnol\u00f3gica competente para hacerlo accesible. Para mejorar nuestro widget de accesibilidad, intentamos actualizarlo y agregarle nuevas caracter\u00edsticas y funcionalidades de forma continua seg\u00fan los avances tecnol\u00f3gicos y nuestra investigaci\u00f3n interna. Si tienes alguna sugerencia o duda ponte en contacto con el propietario de la web. Utilice el formulario del sitio web o los datos de contacto del sitio web<\/span><\/p>\n<p>[\/et_pb_text][\/et_pb_column][\/et_pb_row][\/et_pb_section]<\/p>\n","protected":false},"excerpt":{"rendered":"<p>Declaraci\u00f3n de accesibilidad Nuestro compromiso con la accesibilidad Nos comprometemos a que nuestro sitio web sea accesible y f\u00e1cil de usar para la audiencia m\u00e1s amplia posible, independientemente de su capacidad. Aportamos tiempo, nuestra experiencia y creatividad para acelerar la accesibilidad. Nuestro sitio web cumple con las Directrices de accesibilidad al contenido web del World [&hellip;]<\/p>\n","protected":false},"author":2,"featured_media":0,"parent":0,"menu_order":0,"comment_status":"closed","ping_status":"closed","template":"","meta":{"_et_pb_use_builder":"on","_et_pb_old_content":"","_et_gb_content_width":"","footnotes":""},"class_list":["post-578","page","type-page","status-publish","hentry"],"yoast_head":"<!-- This site is optimized with the Yoast SEO plugin v27.2 - https:\/\/yoast.com\/product\/yoast-seo-wordpress\/ -->\n<title>Accesibilidad - +bonica<\/title>\n<meta name=\"robots\" content=\"index, follow, max-snippet:-1, max-image-preview:large, max-video-preview:-1\" \/>\n<link rel=\"canonical\" href=\"https:\/\/mesbonica.com\/accessibilitat\/\" \/>\n<meta property=\"og:locale\" content=\"es_ES\" \/>\n<meta property=\"og:type\" content=\"article\" \/>\n<meta property=\"og:title\" content=\"Accesibilidad - +bonica\" \/>\n<meta property=\"og:description\" content=\"Declaraci\u00f3n de accesibilidad Nuestro compromiso con la accesibilidad Nos comprometemos a que nuestro sitio web sea accesible y f\u00e1cil de usar para la audiencia m\u00e1s amplia posible, independientemente de su capacidad. Aportamos tiempo, nuestra experiencia y creatividad para acelerar la accesibilidad. Nuestro sitio web cumple con las Directrices de accesibilidad al contenido web del World [&hellip;]\" \/>\n<meta property=\"og:url\" content=\"https:\/\/mesbonica.com\/accessibilitat\/\" \/>\n<meta property=\"og:site_name\" content=\"+bonica\" \/>\n<meta property=\"article:modified_time\" content=\"2025-07-23T17:21:28+00:00\" \/>\n<meta name=\"twitter:card\" content=\"summary_large_image\" \/>\n<meta name=\"twitter:label1\" content=\"Tiempo de lectura\" \/>\n\t<meta name=\"twitter:data1\" content=\"2 minutos\" \/>\n<script type=\"application\/ld+json\" class=\"yoast-schema-graph\">{\"@context\":\"https:\/\/schema.org\",\"@graph\":[{\"@type\":\"WebPage\",\"@id\":\"https:\/\/mesbonica.com\/accessibilitat\/\",\"url\":\"https:\/\/mesbonica.com\/accessibilitat\/\",\"name\":\"Accesibilidad - +bonica\",\"isPartOf\":{\"@id\":\"https:\/\/mesbonica.com\/#website\"},\"datePublished\":\"2025-03-17T16:41:20+00:00\",\"dateModified\":\"2025-07-23T17:21:28+00:00\",\"breadcrumb\":{\"@id\":\"https:\/\/mesbonica.com\/accessibilitat\/#breadcrumb\"},\"inLanguage\":\"es\",\"potentialAction\":[{\"@type\":\"ReadAction\",\"target\":[\"https:\/\/mesbonica.com\/accessibilitat\/\"]}]},{\"@type\":\"BreadcrumbList\",\"@id\":\"https:\/\/mesbonica.com\/accessibilitat\/#breadcrumb\",\"itemListElement\":[{\"@type\":\"ListItem\",\"position\":1,\"name\":\"Inici\",\"item\":\"https:\/\/mesbonica.com\/es\/\"},{\"@type\":\"ListItem\",\"position\":2,\"name\":\"Accesibilidad\"}]},{\"@type\":\"WebSite\",\"@id\":\"https:\/\/mesbonica.com\/#website\",\"url\":\"https:\/\/mesbonica.com\/\",\"name\":\"+bonica\",\"description\":\"Centre de bellesa i benestar\",\"potentialAction\":[{\"@type\":\"SearchAction\",\"target\":{\"@type\":\"EntryPoint\",\"urlTemplate\":\"https:\/\/mesbonica.com\/?s={search_term_string}\"},\"query-input\":{\"@type\":\"PropertyValueSpecification\",\"valueRequired\":true,\"valueName\":\"search_term_string\"}}],\"inLanguage\":\"es\"}]}<\/script>\n<!-- \/ Yoast SEO plugin. -->","yoast_head_json":{"title":"Accesibilidad - +bonica","robots":{"index":"index","follow":"follow","max-snippet":"max-snippet:-1","max-image-preview":"max-image-preview:large","max-video-preview":"max-video-preview:-1"},"canonical":"https:\/\/mesbonica.com\/accessibilitat\/","og_locale":"es_ES","og_type":"article","og_title":"Accesibilidad - +bonica","og_description":"Declaraci\u00f3n de accesibilidad Nuestro compromiso con la accesibilidad Nos comprometemos a que nuestro sitio web sea accesible y f\u00e1cil de usar para la audiencia m\u00e1s amplia posible, independientemente de su capacidad. Aportamos tiempo, nuestra experiencia y creatividad para acelerar la accesibilidad. Nuestro sitio web cumple con las Directrices de accesibilidad al contenido web del World [&hellip;]","og_url":"https:\/\/mesbonica.com\/accessibilitat\/","og_site_name":"+bonica","article_modified_time":"2025-07-23T17:21:28+00:00","twitter_card":"summary_large_image","twitter_misc":{"Tiempo de lectura":"2 minutos"},"schema":{"@context":"https:\/\/schema.org","@graph":[{"@type":"WebPage","@id":"https:\/\/mesbonica.com\/accessibilitat\/","url":"https:\/\/mesbonica.com\/accessibilitat\/","name":"Accesibilidad - +bonica","isPartOf":{"@id":"https:\/\/mesbonica.com\/#website"},"datePublished":"2025-03-17T16:41:20+00:00","dateModified":"2025-07-23T17:21:28+00:00","breadcrumb":{"@id":"https:\/\/mesbonica.com\/accessibilitat\/#breadcrumb"},"inLanguage":"es","potentialAction":[{"@type":"ReadAction","target":["https:\/\/mesbonica.com\/accessibilitat\/"]}]},{"@type":"BreadcrumbList","@id":"https:\/\/mesbonica.com\/accessibilitat\/#breadcrumb","itemListElement":[{"@type":"ListItem","position":1,"name":"Inici","item":"https:\/\/mesbonica.com\/es\/"},{"@type":"ListItem","position":2,"name":"Accesibilidad"}]},{"@type":"WebSite","@id":"https:\/\/mesbonica.com\/#website","url":"https:\/\/mesbonica.com\/","name":"+bonica","description":"Centre de bellesa i benestar","potentialAction":[{"@type":"SearchAction","target":{"@type":"EntryPoint","urlTemplate":"https:\/\/mesbonica.com\/?s={search_term_string}"},"query-input":{"@type":"PropertyValueSpecification","valueRequired":true,"valueName":"search_term_string"}}],"inLanguage":"es"}]}},"_links":{"self":[{"href":"https:\/\/mesbonica.com\/es\/wp-json\/wp\/v2\/pages\/578","targetHints":{"allow":["GET"]}}],"collection":[{"href":"https:\/\/mesbonica.com\/es\/wp-json\/wp\/v2\/pages"}],"about":[{"href":"https:\/\/mesbonica.com\/es\/wp-json\/wp\/v2\/types\/page"}],"author":[{"embeddable":true,"href":"https:\/\/mesbonica.com\/es\/wp-json\/wp\/v2\/users\/2"}],"replies":[{"embeddable":true,"href":"https:\/\/mesbonica.com\/es\/wp-json\/wp\/v2\/comments?post=578"}],"version-history":[{"count":3,"href":"https:\/\/mesbonica.com\/es\/wp-json\/wp\/v2\/pages\/578\/revisions"}],"predecessor-version":[{"id":714,"href":"https:\/\/mesbonica.com\/es\/wp-json\/wp\/v2\/pages\/578\/revisions\/714"}],"wp:attachment":[{"href":"https:\/\/mesbonica.com\/es\/wp-json\/wp\/v2\/media?parent=578"}],"curies":[{"name":"wp","href":"https:\/\/api.w.org\/{rel}","templated":true}]}}